{"id":1738,"date":"2019-09-26T11:18:50","date_gmt":"2019-09-26T11:18:50","guid":{"rendered":"https:\/\/codesupply.co\/?page_id=1738"},"modified":"2021-04-01T19:59:15","modified_gmt":"2021-04-01T18:59:15","slug":"products","status":"publish","type":"page","link":"https:\/\/interiorlover.in\/index.php\/products\/","title":{"rendered":"Products"},"content":{"rendered":"\t<div class=\"cnvs-block-section cnvs-block-section-1572878045000 cnvs-block-section-layout-full cnvs-block-section-fullwidth\" >\n\t\t<div class=\"cnvs-block-section-outer\" style=\"\">\n\t\t\t<div class=\"cnvs-block-section-inner\">\n\t\t\t\t\n\n<div class=\"cnvs-block-section-content cnvs-block-section-content-1572878046368\" >\n\t<div class=\"cnvs-block-section-content-inner\">\n\t\t\n<div class=\"cnvs-block-featured-categories cnvs-block-featured-categories-1569497374852 cnvs-block-featured-categories-layout-tiles\" >\t<div class=\"pk-featured-categories pk-featured-categories-tiles\">\n\t\t\t\t\t<div class=\"pk-featured-item\">\n\t\t\t\t\t\t\t\t\t<div class=\"pk-featured-image\">\n\t\t\t\t\t\t\t\t\t\t\t<\/div>\n\t\t\t\t\n\t\t\t\t<div class=\"pk-featured-content\">\n\t\t\t\t\t<div class=\"pk-featured-inner\">\n\t\t\t\t\t\t<div class=\"pk-featured-name\">\n\t\t\t\t\t\t\tExterior Products \/ Services\t\t\t\t\t\t<\/div>\n\n\t\t\t\t\t\t\t\t\t\t\t\t\t<div class=\"pk-featured-count\">\n\t\t\t\t\t\t\t\t<span class=\"pk-featured-number\">3<\/span>\n\t\t\t\t\t\t\t\t<span class=\"pk-featured-label\"> Posts<\/span>\n\t\t\t\t\t\t\t<\/div>\n\t\t\t\t\t\t\t\t\t\t\t<\/div>\n\t\t\t\t<\/div>\n\n\t\t\t\t<a class=\"pk-featured-link\" href=\"https:\/\/interiorlover.in\/index.php\/category\/products\/free-ad-exterior-products\/\">\n\t\t\t\t\t<span>View Posts<\/span>\n\t\t\t\t<\/a>\n\t\t\t<\/div>\n\t\t\t\t\t\t<div class=\"pk-featured-item\">\n\t\t\t\t\t\t\t\t\t<div class=\"pk-featured-image\">\n\t\t\t\t\t\t\t\t\t\t\t<\/div>\n\t\t\t\t\n\t\t\t\t<div class=\"pk-featured-content\">\n\t\t\t\t\t<div class=\"pk-featured-inner\">\n\t\t\t\t\t\t<div class=\"pk-featured-name\">\n\t\t\t\t\t\t\tInterior Products \/ Services\t\t\t\t\t\t<\/div>\n\n\t\t\t\t\t\t\t\t\t\t\t\t\t<div class=\"pk-featured-count\">\n\t\t\t\t\t\t\t\t<span class=\"pk-featured-number\">18<\/span>\n\t\t\t\t\t\t\t\t<span class=\"pk-featured-label\"> Posts<\/span>\n\t\t\t\t\t\t\t<\/div>\n\t\t\t\t\t\t\t\t\t\t\t<\/div>\n\t\t\t\t<\/div>\n\n\t\t\t\t<a class=\"pk-featured-link\" href=\"https:\/\/interiorlover.in\/index.php\/category\/products\/interior-products\/\">\n\t\t\t\t\t<span>View Posts<\/span>\n\t\t\t\t<\/a>\n\t\t\t<\/div>\n\t\t\t\t<\/div>\n\t<\/div>\n\n\n<p class=\"is-style-cnvs-paragraph-callout\">Products<\/p>\n\n\n\n<p><\/p>\n\n\n\n<div class=\"wp-block-media-text alignwide is-stacked-on-mobile\"><figure class=\"wp-block-media-text__media\"><img  decoding=\"async\"  src=\"data:image\/png;base64,iVBORw0KGgoAAAANSUhEUgAAAAEAAAABAQMAAAAl21bKAAAAA1BMVEUAAP+KeNJXAAAAAXRSTlMAQObYZgAAAAlwSFlzAAAOxAAADsQBlSsOGwAAAApJREFUCNdjYAAAAAIAAeIhvDMAAAAASUVORK5CYII=\"  alt=\"\"  class=\"wp-image-2732 size-full pk-lazyload\"  data-pk-sizes=\"auto\"  data-pk-src=\"https:\/\/interiorlover.in\/wp-content\/uploads\/2020\/12\/AD-AD-AD-1-1.png\" ><\/figure><div class=\"wp-block-media-text__content\">\n<p class=\"has-large-font-size\">Interior Products<\/p>\n<\/div><\/div>\n\n\n\n<div class=\"wp-block-media-text alignwide is-stacked-on-mobile\"><figure class=\"wp-block-media-text__media\"><img  decoding=\"async\"  src=\"data:image\/png;base64,iVBORw0KGgoAAAANSUhEUgAAAAEAAAABAQMAAAAl21bKAAAAA1BMVEUAAP+KeNJXAAAAAXRSTlMAQObYZgAAAAlwSFlzAAAOxAAADsQBlSsOGwAAAApJREFUCNdjYAAAAAIAAeIhvDMAAAAASUVORK5CYII=\"  alt=\"\"  class=\"wp-image-2732 size-full pk-lazyload\"  data-pk-sizes=\"auto\"  data-pk-src=\"https:\/\/interiorlover.in\/wp-content\/uploads\/2020\/12\/AD-AD-AD-1-1.png\" ><\/figure><div class=\"wp-block-media-text__content\">\n<p class=\"has-large-font-size\">Exterior Products<\/p>\n<\/div><\/div>\n\n\t<\/div>\n<\/div>\n\n\t\t\t<\/div>\n\t\t<\/div>\n\t<\/div>\n\n\t\n\n\n<p class=\"has-text-align-left cnvs-block-core-paragraph-1609440520366\" style=\"font-size:15px\"><strong>Faq.<\/strong><\/p>\n\n\n\n<p class=\"has-text-align-left cnvs-block-core-paragraph-1609440520378\" style=\"font-size:15px\">Who Can Ad?<br>Ans.: Architecture Firm, Interior Designers, Interior D\u00e9cor, Home D\u00e9cor, Home Furnishing, D\u00e9cor Products, Living and Stylize firm or service provider anywhere within India.<\/p>\n\n\n\n<p class=\"cnvs-block-core-paragraph-1609440520410\" style=\"font-size:15px\">How can we Ad?<br>Ans.: Provide Detail of your firm\/showroom\/shop etc. on our email interior.lover2k20@gmail.com along with your contact detail. (send your ad Image in 3:4 Ratio).<\/p>\n\n\n\n<p class=\"cnvs-block-core-paragraph-1609440520453\" style=\"font-size:15px\">Once your AD qualifies we will inform you and it will be posted directly on our website.<\/p>\n\n\n\n<p>Offer valid till 31st March 2021.<\/p>\n\n\n\n<p class=\"cnvs-block-core-paragraph-1609440520464\" style=\"font-size:15px\">Regards.<br><strong>Team Interior Lover.<\/strong><\/p>\n","protected":false},"excerpt":{"rendered":"<p>Faq. Who Can Ad?Ans.: Architecture Firm, Interior Designers, Interior D\u00e9cor, Home D\u00e9cor, Home Furnishing, D\u00e9cor Products, Living and Stylize firm or service provider anywhere within India. How can we Ad?Ans.:&hellip;<\/p>\n","protected":false},"author":1,"featured_media":0,"parent":0,"menu_order":0,"comment_status":"closed","ping_status":"closed","template":"template-canvas-fullwidth.php","meta":{"footnotes":""},"class_list":["post-1738","page","type-page","status-publish"],"yoast_head":"<!-- This site is optimized with the Yoast SEO plugin v27.4 - https:\/\/yoast.com\/product\/yoast-seo-wordpress\/ -->\n<title>Products &#8211; Interiorlover<\/title>\n<meta name=\"description\" content=\"Products Interiorlover &#8211; Page\" \/>\n<meta name=\"robots\" content=\"index, follow, max-snippet:-1, max-image-preview:large, max-video-preview:-1\" \/>\n<link rel=\"canonical\" href=\"https:\/\/interiorlover.in\/index.php\/products\/\" \/>\n<meta property=\"og:locale\" content=\"en_US\" \/>\n<meta property=\"og:type\" content=\"article\" \/>\n<meta property=\"og:title\" content=\"Products &#8211; Interiorlover\" \/>\n<meta property=\"og:description\" content=\"Products Interiorlover &#8211; Page\" \/>\n<meta property=\"og:url\" content=\"https:\/\/interiorlover.in\/index.php\/products\/\" \/>\n<meta property=\"og:site_name\" content=\"Interiorlover\" \/>\n<meta property=\"article:publisher\" content=\"https:\/\/www.facebook.com\/interiorlover.in\/\" \/>\n<meta property=\"article:modified_time\" content=\"2021-04-01T18:59:15+00:00\" \/>\n<meta property=\"og:image\" content=\"https:\/\/interiorlover.in\/wp-content\/uploads\/2020\/12\/AD-AD-AD-1-1.png\" \/>\n<meta name=\"twitter:card\" content=\"summary_large_image\" \/>\n<meta name=\"twitter:site\" content=\"@Interiorlover1\" \/>\n<meta name=\"twitter:label1\" content=\"Est. reading time\" \/>\n\t<meta name=\"twitter:data1\" content=\"1 minute\" \/>\n<script type=\"application\/ld+json\" class=\"yoast-schema-graph\">{\"@context\":\"https:\\\/\\\/schema.org\",\"@graph\":[{\"@type\":[\"Article\",\"BlogPosting\"],\"@id\":\"https:\\\/\\\/interiorlover.in\\\/index.php\\\/products\\\/#article\",\"isPartOf\":{\"@id\":\"https:\\\/\\\/interiorlover.in\\\/index.php\\\/products\\\/\"},\"author\":{\"name\":\"interiorlover\",\"@id\":\"https:\\\/\\\/interiorlover.in\\\/#\\\/schema\\\/person\\\/85fab81ec5036b8dc7d04dfc82d7a0b5\"},\"headline\":\"Products\",\"datePublished\":\"2019-09-26T11:18:50+00:00\",\"dateModified\":\"2021-04-01T18:59:15+00:00\",\"mainEntityOfPage\":{\"@id\":\"https:\\\/\\\/interiorlover.in\\\/index.php\\\/products\\\/\"},\"wordCount\":94,\"publisher\":{\"@id\":\"https:\\\/\\\/interiorlover.in\\\/#organization\"},\"image\":{\"@id\":\"https:\\\/\\\/interiorlover.in\\\/index.php\\\/products\\\/#primaryimage\"},\"thumbnailUrl\":\"https:\\\/\\\/interiorlover.in\\\/wp-content\\\/uploads\\\/2020\\\/12\\\/AD-AD-AD-1-1.png\",\"inLanguage\":\"en-US\"},{\"@type\":\"WebPage\",\"@id\":\"https:\\\/\\\/interiorlover.in\\\/index.php\\\/products\\\/\",\"url\":\"https:\\\/\\\/interiorlover.in\\\/index.php\\\/products\\\/\",\"name\":\"Products &#8211; Interiorlover\",\"isPartOf\":{\"@id\":\"https:\\\/\\\/interiorlover.in\\\/#website\"},\"primaryImageOfPage\":{\"@id\":\"https:\\\/\\\/interiorlover.in\\\/index.php\\\/products\\\/#primaryimage\"},\"image\":{\"@id\":\"https:\\\/\\\/interiorlover.in\\\/index.php\\\/products\\\/#primaryimage\"},\"thumbnailUrl\":\"https:\\\/\\\/interiorlover.in\\\/wp-content\\\/uploads\\\/2020\\\/12\\\/AD-AD-AD-1-1.png\",\"datePublished\":\"2019-09-26T11:18:50+00:00\",\"dateModified\":\"2021-04-01T18:59:15+00:00\",\"description\":\"Products Interiorlover &#8211; Page\",\"breadcrumb\":{\"@id\":\"https:\\\/\\\/interiorlover.in\\\/index.php\\\/products\\\/#breadcrumb\"},\"inLanguage\":\"en-US\",\"potentialAction\":[{\"@type\":\"ReadAction\",\"target\":[\"https:\\\/\\\/interiorlover.in\\\/index.php\\\/products\\\/\"]}]},{\"@type\":\"ImageObject\",\"inLanguage\":\"en-US\",\"@id\":\"https:\\\/\\\/interiorlover.in\\\/index.php\\\/products\\\/#primaryimage\",\"url\":\"\",\"contentUrl\":\"\"},{\"@type\":\"BreadcrumbList\",\"@id\":\"https:\\\/\\\/interiorlover.in\\\/index.php\\\/products\\\/#breadcrumb\",\"itemListElement\":[{\"@type\":\"ListItem\",\"position\":1,\"name\":\"Home\",\"item\":\"https:\\\/\\\/interiorlover.in\\\/\"},{\"@type\":\"ListItem\",\"position\":2,\"name\":\"Products\"}]},{\"@type\":\"WebSite\",\"@id\":\"https:\\\/\\\/interiorlover.in\\\/#website\",\"url\":\"https:\\\/\\\/interiorlover.in\\\/\",\"name\":\"Interiorlover\",\"description\":\"\",\"publisher\":{\"@id\":\"https:\\\/\\\/interiorlover.in\\\/#organization\"},\"potentialAction\":[{\"@type\":\"SearchAction\",\"target\":{\"@type\":\"EntryPoint\",\"urlTemplate\":\"https:\\\/\\\/interiorlover.in\\\/?s={search_term_string}\"},\"query-input\":{\"@type\":\"PropertyValueSpecification\",\"valueRequired\":true,\"valueName\":\"search_term_string\"}}],\"inLanguage\":\"en-US\"},{\"@type\":\"Organization\",\"@id\":\"https:\\\/\\\/interiorlover.in\\\/#organization\",\"name\":\"interiorlover.in\",\"url\":\"https:\\\/\\\/interiorlover.in\\\/\",\"logo\":{\"@type\":\"ImageObject\",\"inLanguage\":\"en-US\",\"@id\":\"https:\\\/\\\/interiorlover.in\\\/#\\\/schema\\\/logo\\\/image\\\/\",\"url\":\"\",\"contentUrl\":\"\",\"caption\":\"interiorlover.in\"},\"image\":{\"@id\":\"https:\\\/\\\/interiorlover.in\\\/#\\\/schema\\\/logo\\\/image\\\/\"},\"sameAs\":[\"https:\\\/\\\/www.facebook.com\\\/interiorlover.in\\\/\",\"https:\\\/\\\/x.com\\\/Interiorlover1\",\"https:\\\/\\\/instagram.com\\\/interiorlover.in?igshid=1jh6qkarp6d84\",\"https:\\\/\\\/youtube.com\\\/channel\\\/UCYgA4vx0vpdYgZbeY1djskQ\"]},{\"@type\":\"Person\",\"@id\":\"https:\\\/\\\/interiorlover.in\\\/#\\\/schema\\\/person\\\/85fab81ec5036b8dc7d04dfc82d7a0b5\",\"name\":\"interiorlover\",\"image\":{\"@type\":\"ImageObject\",\"inLanguage\":\"en-US\",\"@id\":\"https:\\\/\\\/secure.gravatar.com\\\/avatar\\\/8c6ec9c0dfc6fa5e64c0f22b780e5ec8ed5d6674ff6407c2fc41901643d3a71a?s=96&d=mm&r=g\",\"url\":\"https:\\\/\\\/secure.gravatar.com\\\/avatar\\\/8c6ec9c0dfc6fa5e64c0f22b780e5ec8ed5d6674ff6407c2fc41901643d3a71a?s=96&d=mm&r=g\",\"contentUrl\":\"https:\\\/\\\/secure.gravatar.com\\\/avatar\\\/8c6ec9c0dfc6fa5e64c0f22b780e5ec8ed5d6674ff6407c2fc41901643d3a71a?s=96&d=mm&r=g\",\"caption\":\"interiorlover\"},\"sameAs\":[\"http:\\\/\\\/interiorlover.in\",\"https:\\\/\\\/www.instagram.com\\\/interiorlover.in\"],\"url\":\"https:\\\/\\\/interiorlover.in\\\/index.php\\\/author\\\/interiorlover\\\/\"}]}<\/script>\n<!-- \/ Yoast SEO plugin. -->","yoast_head_json":{"title":"Products &#8211; Interiorlover","description":"Products Interiorlover &#8211; Page","robots":{"index":"index","follow":"follow","max-snippet":"max-snippet:-1","max-image-preview":"max-image-preview:large","max-video-preview":"max-video-preview:-1"},"canonical":"https:\/\/interiorlover.in\/index.php\/products\/","og_locale":"en_US","og_type":"article","og_title":"Products &#8211; Interiorlover","og_description":"Products Interiorlover &#8211; Page","og_url":"https:\/\/interiorlover.in\/index.php\/products\/","og_site_name":"Interiorlover","article_publisher":"https:\/\/www.facebook.com\/interiorlover.in\/","article_modified_time":"2021-04-01T18:59:15+00:00","og_image":[{"url":"https:\/\/interiorlover.in\/wp-content\/uploads\/2020\/12\/AD-AD-AD-1-1.png","type":"","width":"","height":""}],"twitter_card":"summary_large_image","twitter_site":"@Interiorlover1","twitter_misc":{"Est. reading time":"1 minute"},"schema":{"@context":"https:\/\/schema.org","@graph":[{"@type":["Article","BlogPosting"],"@id":"https:\/\/interiorlover.in\/index.php\/products\/#article","isPartOf":{"@id":"https:\/\/interiorlover.in\/index.php\/products\/"},"author":{"name":"interiorlover","@id":"https:\/\/interiorlover.in\/#\/schema\/person\/85fab81ec5036b8dc7d04dfc82d7a0b5"},"headline":"Products","datePublished":"2019-09-26T11:18:50+00:00","dateModified":"2021-04-01T18:59:15+00:00","mainEntityOfPage":{"@id":"https:\/\/interiorlover.in\/index.php\/products\/"},"wordCount":94,"publisher":{"@id":"https:\/\/interiorlover.in\/#organization"},"image":{"@id":"https:\/\/interiorlover.in\/index.php\/products\/#primaryimage"},"thumbnailUrl":"https:\/\/interiorlover.in\/wp-content\/uploads\/2020\/12\/AD-AD-AD-1-1.png","inLanguage":"en-US"},{"@type":"WebPage","@id":"https:\/\/interiorlover.in\/index.php\/products\/","url":"https:\/\/interiorlover.in\/index.php\/products\/","name":"Products &#8211; Interiorlover","isPartOf":{"@id":"https:\/\/interiorlover.in\/#website"},"primaryImageOfPage":{"@id":"https:\/\/interiorlover.in\/index.php\/products\/#primaryimage"},"image":{"@id":"https:\/\/interiorlover.in\/index.php\/products\/#primaryimage"},"thumbnailUrl":"https:\/\/interiorlover.in\/wp-content\/uploads\/2020\/12\/AD-AD-AD-1-1.png","datePublished":"2019-09-26T11:18:50+00:00","dateModified":"2021-04-01T18:59:15+00:00","description":"Products Interiorlover &#8211; Page","breadcrumb":{"@id":"https:\/\/interiorlover.in\/index.php\/products\/#breadcrumb"},"inLanguage":"en-US","potentialAction":[{"@type":"ReadAction","target":["https:\/\/interiorlover.in\/index.php\/products\/"]}]},{"@type":"ImageObject","inLanguage":"en-US","@id":"https:\/\/interiorlover.in\/index.php\/products\/#primaryimage","url":"","contentUrl":""},{"@type":"BreadcrumbList","@id":"https:\/\/interiorlover.in\/index.php\/products\/#breadcrumb","itemListElement":[{"@type":"ListItem","position":1,"name":"Home","item":"https:\/\/interiorlover.in\/"},{"@type":"ListItem","position":2,"name":"Products"}]},{"@type":"WebSite","@id":"https:\/\/interiorlover.in\/#website","url":"https:\/\/interiorlover.in\/","name":"Interiorlover","description":"","publisher":{"@id":"https:\/\/interiorlover.in\/#organization"},"potentialAction":[{"@type":"SearchAction","target":{"@type":"EntryPoint","urlTemplate":"https:\/\/interiorlover.in\/?s={search_term_string}"},"query-input":{"@type":"PropertyValueSpecification","valueRequired":true,"valueName":"search_term_string"}}],"inLanguage":"en-US"},{"@type":"Organization","@id":"https:\/\/interiorlover.in\/#organization","name":"interiorlover.in","url":"https:\/\/interiorlover.in\/","logo":{"@type":"ImageObject","inLanguage":"en-US","@id":"https:\/\/interiorlover.in\/#\/schema\/logo\/image\/","url":"","contentUrl":"","caption":"interiorlover.in"},"image":{"@id":"https:\/\/interiorlover.in\/#\/schema\/logo\/image\/"},"sameAs":["https:\/\/www.facebook.com\/interiorlover.in\/","https:\/\/x.com\/Interiorlover1","https:\/\/instagram.com\/interiorlover.in?igshid=1jh6qkarp6d84","https:\/\/youtube.com\/channel\/UCYgA4vx0vpdYgZbeY1djskQ"]},{"@type":"Person","@id":"https:\/\/interiorlover.in\/#\/schema\/person\/85fab81ec5036b8dc7d04dfc82d7a0b5","name":"interiorlover","image":{"@type":"ImageObject","inLanguage":"en-US","@id":"https:\/\/secure.gravatar.com\/avatar\/8c6ec9c0dfc6fa5e64c0f22b780e5ec8ed5d6674ff6407c2fc41901643d3a71a?s=96&d=mm&r=g","url":"https:\/\/secure.gravatar.com\/avatar\/8c6ec9c0dfc6fa5e64c0f22b780e5ec8ed5d6674ff6407c2fc41901643d3a71a?s=96&d=mm&r=g","contentUrl":"https:\/\/secure.gravatar.com\/avatar\/8c6ec9c0dfc6fa5e64c0f22b780e5ec8ed5d6674ff6407c2fc41901643d3a71a?s=96&d=mm&r=g","caption":"interiorlover"},"sameAs":["http:\/\/interiorlover.in","https:\/\/www.instagram.com\/interiorlover.in"],"url":"https:\/\/interiorlover.in\/index.php\/author\/interiorlover\/"}]}},"_links":{"self":[{"href":"https:\/\/interiorlover.in\/index.php\/wp-json\/wp\/v2\/pages\/1738","targetHints":{"allow":["GET"]}}],"collection":[{"href":"https:\/\/interiorlover.in\/index.php\/wp-json\/wp\/v2\/pages"}],"about":[{"href":"https:\/\/interiorlover.in\/index.php\/wp-json\/wp\/v2\/types\/page"}],"author":[{"embeddable":true,"href":"https:\/\/interiorlover.in\/index.php\/wp-json\/wp\/v2\/users\/1"}],"replies":[{"embeddable":true,"href":"https:\/\/interiorlover.in\/index.php\/wp-json\/wp\/v2\/comments?post=1738"}],"version-history":[{"count":0,"href":"https:\/\/interiorlover.in\/index.php\/wp-json\/wp\/v2\/pages\/1738\/revisions"}],"wp:attachment":[{"href":"https:\/\/interiorlover.in\/index.php\/wp-json\/wp\/v2\/media?parent=1738"}],"curies":[{"name":"wp","href":"https:\/\/api.w.org\/{rel}","templated":true}]}}